{"id":99,"date":"2017-08-31T11:59:47","date_gmt":"2017-08-31T09:59:47","guid":{"rendered":"https:\/\/www.sfas.ch\/fr\/?page_id=99"},"modified":"2022-06-13T16:20:51","modified_gmt":"2022-06-13T14:20:51","slug":"become-industry-partner","status":"publish","type":"page","link":"https:\/\/www.sfas.ch\/fr\/become-industry-partner\/","title":{"rendered":"Partenaires industriels"},"content":{"rendered":"\n<h2 class=\"wp-block-heading\">Informationen<\/h2>\n\n\n\n<ul>\n<li>Die Partnerfirma (Golden-Club) darf sich als \u00ab\u00a0Offizieller Sponsor der SFAS\u00a0\u00bb bezeichnen.<\/li>\n\n\n\n<li>Die Partner erhalten eine Freikarte zum Besuch der wissenschaftlichen Jahrestagung SFAS und zum Gesellschaftsabend.<\/li>\n\n\n\n<li>Sie erhalten unentgeltliche privilegierte Standpl\u00e4tze an der Industrieausstellung.<\/li>\n\n\n\n<li>Den Partnern steht eine A4-Seite Insertionsfl\u00e4che pro Ausgabe der SFAS-NewS zur unentgeltlichen Verf\u00fcgung.<\/li>\n\n\n\n<li>Die Homepages der Partner werden als Links in der Homepage der SFAS aufgenommen.<\/li>\n\n\n\n<li>Die SFAS bietet ihre Mitarbeit in der Entwicklung neuer Produkte im Bereich der Fusschirurgie an.<\/li>\n\n\n\n<li>Die genannten Leistungen der SFAS gelten in reduziertem Umfang f\u00fcr die Partnerfirmen im Silver-Club.<\/li>\n<\/ul>\n\n\n\n<h2 class=\"wp-block-heading\">Kontakt<\/h2>\n\n\n\n<p>F\u00fcr weitere Informationen, f\u00fcr die Aktivit\u00e4ten des Golden- und Silver-Clubs ist Dr. med. R. Riess verantwortlich:<\/p>\n\n\n\n<p>Frau Dr. med. Regina Riess<\/p>\n\n\n\n<p>\u00c4rztezentrum ZeniT AG<\/p>\n\n\n\n<p>Bleicheplatz 3<br>8200 Schaffhausen<\/p>\n\n\n\n<p>052 630 00 80 <\/p>\n\n\n\n<p><a href=\"&#x6d;&#x61;&#105;&#108;t&#x6f;&#x3a;&#x72;&#105;&#101;s&#x73;&#x40;&#x7a;&#101;&#110;i&#x74;&#x2d;&#x73;&#104;&#46;c&#x68;\">&#114;&#x69;e&#115;&#x73;&#64;&#122;&#x65;n&#x69;&#x74;&#45;&#x73;h&#46;&#x63;h<\/a><\/p>\n<hr class=\"fallback-content\"><p class=\"fallback-content\">Ce contenu n'est pas disponible dans votre langue.<\/p>","protected":false},"excerpt":{"rendered":"<p>Informationen Die Partnerfirma (Golden-Club) darf sich als \u00ab\u00a0Offizieller Sponsor der SFAS\u00a0\u00bb bezeichnen. Die Partner erhalten eine Freikarte zum Besuch der wissenschaftlichen Jahrestagung SFAS und zum Gesellschaftsabend. Sie erhalten unentgeltliche privilegierte Standpl\u00e4tze an der Industrieausstellung. Den Partnern steht eine A4-Seite Insertionsfl\u00e4che pro Ausgabe der SFAS-NewS zur unentgeltlichen Verf\u00fcgung. Die Homepages der Partner werden als Links in [&hellip;]<\/p>\n","protected":false},"author":1,"featured_media":0,"parent":0,"menu_order":130,"comment_status":"closed","ping_status":"closed","template":"","meta":{"seoDescription":"","seoKeywords":""},"_links":{"self":[{"href":"https:\/\/www.sfas.ch\/fr\/wp-json\/wp\/v2\/pages\/99"}],"collection":[{"href":"https:\/\/www.sfas.ch\/fr\/wp-json\/wp\/v2\/pages"}],"about":[{"href":"https:\/\/www.sfas.ch\/fr\/wp-json\/wp\/v2\/types\/page"}],"author":[{"embeddable":true,"href":"https:\/\/www.sfas.ch\/fr\/wp-json\/wp\/v2\/users\/1"}],"replies":[{"embeddable":true,"href":"https:\/\/www.sfas.ch\/fr\/wp-json\/wp\/v2\/comments?post=99"}],"version-history":[{"count":3,"href":"https:\/\/www.sfas.ch\/fr\/wp-json\/wp\/v2\/pages\/99\/revisions"}],"predecessor-version":[{"id":165,"href":"https:\/\/www.sfas.ch\/fr\/wp-json\/wp\/v2\/pages\/99\/revisions\/165"}],"wp:attachment":[{"href":"https:\/\/www.sfas.ch\/fr\/wp-json\/wp\/v2\/media?parent=99"}],"curies":[{"name":"wp","href":"https:\/\/api.w.org\/{rel}","templated":true}]}}