{"id":9,"date":"2017-08-07T14:03:03","date_gmt":"2017-08-07T12:03:03","guid":{"rendered":"https:\/\/www.sfas.ch\/?page_id=9"},"modified":"2022-06-13T15:49:27","modified_gmt":"2022-06-13T13:49:27","slug":"definition-de-la-sfas","status":"publish","type":"page","link":"https:\/\/www.sfas.ch\/fr\/definition-de-la-sfas\/","title":{"rendered":"D\u00e9finition de la SFAS"},"content":{"rendered":"\n<p class=\"is-style-lead\">La Soci\u00e9t\u00e9 Suisse de Chirurgie et M\u00e9decine du Pied (SFAS) rassemble des m\u00e9decins qui s\u2019int\u00e9ressent particuli\u00e8rement pour les probl\u00e8mes du pied et de la cheville. La plupart d\u2019entre eux sont des chirurgiens orthop\u00e9distes mais on recense \u00e9galement d\u2019autres sp\u00e9cialistes comme des angiologues, des rhumatologues, des chirurgiens g\u00e9n\u00e9raux, des g\u00e9n\u00e9ralistes ainsi que des sp\u00e9cialistes d\u2019autres orientations acad\u00e9miques, comme, par exemple, des biom\u00e9caniciens. <\/p>\n\n\n\n<p>Les buts de la Soci\u00e9t\u00e9 sont d\u2019\u00e9tablir et de maintenir des relations entre les m\u00e9decins se consacrant sp\u00e9cialement \u00e0 l\u2019anatomie, la physiologie et la pathologie du pied, d\u2019approfondir et de diffuser les connaissances et exp\u00e9riences relatives \u00e0 cette partie de l\u2019appareil locomoteur et d\u2019entretenir des relations avec des associations ou groupes de travail \u00e9trangers \u00e0 buts identiques et ce sur la sc\u00e8ne nationale ou internationale.<\/p>\n","protected":false},"excerpt":{"rendered":"<p>La Soci\u00e9t\u00e9 Suisse de Chirurgie et M\u00e9decine du Pied (SFAS) rassemble des m\u00e9decins qui s\u2019int\u00e9ressent particuli\u00e8rement pour les probl\u00e8mes du pied et de la cheville. La plupart d\u2019entre eux sont des chirurgiens orthop\u00e9distes mais on recense \u00e9galement d\u2019autres sp\u00e9cialistes comme des angiologues, des rhumatologues, des chirurgiens g\u00e9n\u00e9raux, des g\u00e9n\u00e9ralistes ainsi que des sp\u00e9cialistes d\u2019autres orientations [&hellip;]<\/p>\n","protected":false},"author":1,"featured_media":0,"parent":0,"menu_order":20,"comment_status":"closed","ping_status":"closed","template":"","meta":{"seoDescription":"","seoKeywords":""},"_links":{"self":[{"href":"https:\/\/www.sfas.ch\/fr\/wp-json\/wp\/v2\/pages\/9"}],"collection":[{"href":"https:\/\/www.sfas.ch\/fr\/wp-json\/wp\/v2\/pages"}],"about":[{"href":"https:\/\/www.sfas.ch\/fr\/wp-json\/wp\/v2\/types\/page"}],"author":[{"embeddable":true,"href":"https:\/\/www.sfas.ch\/fr\/wp-json\/wp\/v2\/users\/1"}],"replies":[{"embeddable":true,"href":"https:\/\/www.sfas.ch\/fr\/wp-json\/wp\/v2\/comments?post=9"}],"version-history":[{"count":8,"href":"https:\/\/www.sfas.ch\/fr\/wp-json\/wp\/v2\/pages\/9\/revisions"}],"predecessor-version":[{"id":591,"href":"https:\/\/www.sfas.ch\/fr\/wp-json\/wp\/v2\/pages\/9\/revisions\/591"}],"wp:attachment":[{"href":"https:\/\/www.sfas.ch\/fr\/wp-json\/wp\/v2\/media?parent=9"}],"curies":[{"name":"wp","href":"https:\/\/api.w.org\/{rel}","templated":true}]}}