{"id":56,"date":"2017-08-09T16:24:11","date_gmt":"2017-08-09T14:24:11","guid":{"rendered":"https:\/\/www.sfas.ch\/?page_id=56"},"modified":"2022-06-13T15:48:44","modified_gmt":"2022-06-13T13:48:44","slug":"home","status":"publish","type":"page","link":"https:\/\/www.sfas.ch\/fr\/","title":{"rendered":"Organe d&rsquo;information officiel de la Soci\u00e9t\u00e9 suisse de chirurgie et m\u00e9decine du pied SFAS"},"content":{"rendered":"<hr class=\"fallback-content\"><p class=\"fallback-content\">Ce contenu n'est pas disponible dans votre langue.<\/p>","protected":false},"excerpt":{"rendered":"<p>Ce contenu n&rsquo;est pas disponible dans votre langue.<\/p>\n","protected":false},"author":1,"featured_media":0,"parent":0,"menu_order":0,"comment_status":"closed","ping_status":"closed","template":"","meta":{"seoDescription":"","seoKeywords":""},"_links":{"self":[{"href":"https:\/\/www.sfas.ch\/fr\/wp-json\/wp\/v2\/pages\/56"}],"collection":[{"href":"https:\/\/www.sfas.ch\/fr\/wp-json\/wp\/v2\/pages"}],"about":[{"href":"https:\/\/www.sfas.ch\/fr\/wp-json\/wp\/v2\/types\/page"}],"author":[{"embeddable":true,"href":"https:\/\/www.sfas.ch\/fr\/wp-json\/wp\/v2\/users\/1"}],"replies":[{"embeddable":true,"href":"https:\/\/www.sfas.ch\/fr\/wp-json\/wp\/v2\/comments?post=56"}],"version-history":[{"count":6,"href":"https:\/\/www.sfas.ch\/fr\/wp-json\/wp\/v2\/pages\/56\/revisions"}],"predecessor-version":[{"id":108,"href":"https:\/\/www.sfas.ch\/fr\/wp-json\/wp\/v2\/pages\/56\/revisions\/108"}],"wp:attachment":[{"href":"https:\/\/www.sfas.ch\/fr\/wp-json\/wp\/v2\/media?parent=56"}],"curies":[{"name":"wp","href":"https:\/\/api.w.org\/{rel}","templated":true}]}}