{"id":45,"date":"2017-08-07T14:19:28","date_gmt":"2017-08-07T12:19:28","guid":{"rendered":"https:\/\/www.sfas.ch\/?page_id=45"},"modified":"2022-06-13T16:06:38","modified_gmt":"2022-06-13T14:06:38","slug":"stipendien","status":"publish","type":"page","link":"https:\/\/www.sfas.ch\/fr\/stipendien\/","title":{"rendered":"Fonds des bourses"},"content":{"rendered":"\n<p class=\"is-style-lead\">La Soci\u00e9t\u00e9 de M\u00e9decine et Chirurgie du Pied (SFAS) a cr\u00e9\u00e9 en 2008 une fondation sous la d\u00e9nomination de \u201aFonds des Bourses de la SFAS\u2019. Le but du fonds est de promouvoir la rel\u00e8ve et le perfectionnement en chirurgie et m\u00e9decine du pied et de la cheville. Il s\u2019adresse aux personnes dont les ressources financi\u00e8res ne suffisent pas \u00e0 atteindre ce but. Le pr\u00e9sent r\u00e9glement est destin\u00e9 \u00e0 d\u00e9finir la gestion des moyens financiers de ce fonds conformement aux status de la SFAS.<\/p>\n\n\n\n<p>Les bourses peuvent en principe \u00eatre attribu\u00e9 \u00e0 toute personne pr\u00e9sentant un inter\u00eat justifi\u00e9 dans la Chirurgie et M\u00e9decine du pied. En g\u00e9n\u00e9ral elles sont r\u00e9serv\u00e9es au membres de l\u2019SFAS. Dans des cas exceptionnels le Comit\u00e9 d\u00e9cide sur demande de la commission.<\/p>\n\n\n<div class=\"download-wrapper\">\n\t\t\t\t\t\t\t\t\t\t<p class=\"download-paragraph download-link\">\n\t\t\t\t\t\t\t\t\t\t\t<a href=\"https:\/\/www.sfas.ch\/fr\/wp-content\/uploads\/sites\/3\/2022\/06\/reglement-bourses-sfas.pdf\" target=\"_blank\" download class=\"download-link-link\">\n\t\t\t\t\t\t\t\t\t\t\t\t<span class=\"download-icon pdf-icon\"><\/span>\n\t\t\t\t\t\t\t\t\t\t\t\t<span class=\"download-link-text\">Reglement bourses SFAS<\/span>\n\t\t\t\t\t\t\t\t\t\t\t<\/a>\n\t\t\t\t\t\t\t\t\t\t<\/p><p class=\"download-paragraph download-size\">45 Ko, pdf<\/p><\/div>","protected":false},"excerpt":{"rendered":"<p>La Soci\u00e9t\u00e9 de M\u00e9decine et Chirurgie du Pied (SFAS) a cr\u00e9\u00e9 en 2008 une fondation sous la d\u00e9nomination de \u201aFonds des Bourses de la SFAS\u2019. Le but du fonds est de promouvoir la rel\u00e8ve et le perfectionnement en chirurgie et m\u00e9decine du pied et de la cheville. Il s\u2019adresse aux personnes dont les ressources financi\u00e8res [&hellip;]<\/p>\n","protected":false},"author":1,"featured_media":0,"parent":0,"menu_order":60,"comment_status":"closed","ping_status":"closed","template":"","meta":{"seoDescription":"","seoKeywords":""},"_links":{"self":[{"href":"https:\/\/www.sfas.ch\/fr\/wp-json\/wp\/v2\/pages\/45"}],"collection":[{"href":"https:\/\/www.sfas.ch\/fr\/wp-json\/wp\/v2\/pages"}],"about":[{"href":"https:\/\/www.sfas.ch\/fr\/wp-json\/wp\/v2\/types\/page"}],"author":[{"embeddable":true,"href":"https:\/\/www.sfas.ch\/fr\/wp-json\/wp\/v2\/users\/1"}],"replies":[{"embeddable":true,"href":"https:\/\/www.sfas.ch\/fr\/wp-json\/wp\/v2\/comments?post=45"}],"version-history":[{"count":4,"href":"https:\/\/www.sfas.ch\/fr\/wp-json\/wp\/v2\/pages\/45\/revisions"}],"predecessor-version":[{"id":605,"href":"https:\/\/www.sfas.ch\/fr\/wp-json\/wp\/v2\/pages\/45\/revisions\/605"}],"wp:attachment":[{"href":"https:\/\/www.sfas.ch\/fr\/wp-json\/wp\/v2\/media?parent=45"}],"curies":[{"name":"wp","href":"https:\/\/api.w.org\/{rel}","templated":true}]}}