{"id":39,"date":"2017-08-07T14:11:43","date_gmt":"2017-08-07T12:11:43","guid":{"rendered":"https:\/\/www.sfas.ch\/?page_id=39"},"modified":"2025-01-31T14:21:49","modified_gmt":"2025-01-31T13:21:49","slug":"devenir-membre","status":"publish","type":"page","link":"https:\/\/www.sfas.ch\/fr\/devenir-membre\/","title":{"rendered":"Devenez membre"},"content":{"rendered":"\n<h1 class=\"wp-block-heading\">Devenez membre<\/h1>\n\n\n\n<h2 class=\"wp-block-heading\">Vos avantages<\/h2>\n\n\n\n<h2 class=\"wp-block-heading\">Membres ordinaires:<\/h2>\n\n\n\n<h3 class=\"wp-block-heading\">Vous devenez membre de la &nbsp;<em>SFAS&nbsp;<\/em> et de l&rsquo;&nbsp;<em>European Foot and Ankle Society (EFAS)<\/em><\/h3>\n\n\n\n<h3 class=\"wp-block-heading\">Journaux internationaux (imprim\u00e9s)<\/h3>\n\n\n\n<ul>\n<li>Journal of Foot and Ankle Surgery<\/li>\n\n\n\n<li>Techniques in Foot and Ankle Surgery<\/li>\n<\/ul>\n\n\n\n<p><br><a href=\"https:\/\/www.sfas.ch\/wp\/wp-content\/uploads\/instruction-online-access-to-tfas-journal.pdf\">Instructions online access to <em>Techniques in Foot and Ankle Surgery\u00a0<\/em><\/a><a href=\"https:\/\/www.sfas.ch\/wp\/wp-content\/uploads\/instruction-to-online-access-to-efas-journal.pdf\">&#8211; for SFAS members<\/a><\/p>\n\n\n\n<h2 class=\"wp-block-heading\">Membres ordinaires, juniors, honoraires et d\u2019honneur:<\/h2>\n\n\n\n<h3 class=\"wp-block-heading\">Informations par :<\/h3>\n\n\n\n<ul>\n<li>Site web de la SFAS : <a href=\"https:\/\/www.sfas.ch\">www.sfas.ch<\/a><\/li>\n\n\n\n<li>Site web de l&rsquo;EFAS: <a href=\"http:\/\/www.efas.net\" data-type=\"URL\" data-id=\"http:\/\/www.efas.net\">www.efas.net<\/a><\/li>\n<\/ul>\n\n\n\n<h3 class=\"wp-block-heading\"><em>Travelling Fellowship<\/em> et Bourses<\/h3>\n\n\n\n<h3 class=\"wp-block-heading\">Tarifs pr\u00e9f\u00e9rentiels pour :<\/h3>\n\n\n\n<ul>\n<li>Cours pratiques de chirurgie du pied&nbsp;(SFAS cours sur cadavre Anatomie et MIS, OrthoDays)<\/li>\n\n\n\n<li>Le symposium annuel de la SFAS<\/li>\n\n\n\n<li>EFAS cours et congr\u00e8s<\/li>\n<\/ul>\n\n\n\n<h3 class=\"wp-block-heading\">Ev\u00e9nements communs :<\/h3>\n\n\n\n<ul>\n<li>Voyages<\/li>\n\n\n\n<li>Congr\u00e8s<\/li>\n<\/ul>\n\n\n\n<h2 class=\"wp-block-heading\">Comment devenir membre:<\/h2>\n\n\n\n<h3 class=\"wp-block-heading\">Conditions:<\/h3>\n\n\n\n<p>Pri\u00e8re d&rsquo;adresser au Pr\u00e9sident SFAS au moins 4 semaines avant l&rsquo;assembl\u00e9e g\u00e9n\u00e9rale SFAS (voir aussi nos <strong><a href=\"https:\/\/www.sfas.ch\/fr\/statuts\/\">Statuts<\/a><\/strong>):<\/p>\n\n\n\n<ul>\n<li>votre lettre de motivation<\/li>\n\n\n\n<li>un parrainage par deux membres SFAS<\/li>\n\n\n\n<li>votre Curriculum vitae<\/li>\n<\/ul>\n\n\n\n<h3 class=\"wp-block-heading\">A envoyer \u00e0:<\/h3>\n\n\n\n<p>Dr. med. Lisca Drittenbass<br>Centre Assal<br>6 Av. de Beau-S\u00e9jour<br>1206 Gen\u00e8ve<\/p>\n\n\n\n<p>E-Mail: <a href=\"&#109;&#x61;&#x69;&#108;&#x74;&#x6f;&#58;&#x6c;&#x69;&#115;&#x63;&#x61;&#46;&#x64;&#x72;&#105;&#x74;&#x74;&#101;&#x6e;&#x62;&#97;&#x73;&#x73;&#64;&#x67;&#x6d;a&#x69;&#x6c;&#46;&#x63;&#x6f;m\">&#x6c;&#105;&#115;c&#x61;&#x2e;&#100;r&#x69;&#x74;&#116;en&#x62;&#97;&#115;s&#x40;&#x67;&#109;a&#x69;&#x6c;&#46;&#99;o&#x6d;<\/a><\/p>\n","protected":false},"excerpt":{"rendered":"<p>Devenez membre Vos avantages Membres ordinaires: Vous devenez membre de la &nbsp;SFAS&nbsp; et de l&rsquo;&nbsp;European Foot and Ankle Society (EFAS) Journaux internationaux (imprim\u00e9s) Instructions online access to Techniques in Foot and Ankle Surgery\u00a0&#8211; for SFAS members Membres ordinaires, juniors, honoraires et d\u2019honneur: Informations par : Travelling Fellowship et Bourses Tarifs pr\u00e9f\u00e9rentiels pour : Ev\u00e9nements communs [&hellip;]<\/p>\n","protected":false},"author":1,"featured_media":0,"parent":0,"menu_order":30,"comment_status":"closed","ping_status":"closed","template":"","meta":{"seoDescription":"","seoKeywords":""},"_links":{"self":[{"href":"https:\/\/www.sfas.ch\/fr\/wp-json\/wp\/v2\/pages\/39"}],"collection":[{"href":"https:\/\/www.sfas.ch\/fr\/wp-json\/wp\/v2\/pages"}],"about":[{"href":"https:\/\/www.sfas.ch\/fr\/wp-json\/wp\/v2\/types\/page"}],"author":[{"embeddable":true,"href":"https:\/\/www.sfas.ch\/fr\/wp-json\/wp\/v2\/users\/1"}],"replies":[{"embeddable":true,"href":"https:\/\/www.sfas.ch\/fr\/wp-json\/wp\/v2\/comments?post=39"}],"version-history":[{"count":28,"href":"https:\/\/www.sfas.ch\/fr\/wp-json\/wp\/v2\/pages\/39\/revisions"}],"predecessor-version":[{"id":960,"href":"https:\/\/www.sfas.ch\/fr\/wp-json\/wp\/v2\/pages\/39\/revisions\/960"}],"wp:attachment":[{"href":"https:\/\/www.sfas.ch\/fr\/wp-json\/wp\/v2\/media?parent=39"}],"curies":[{"name":"wp","href":"https:\/\/api.w.org\/{rel}","templated":true}]}}