{"id":13,"date":"2017-08-07T14:03:48","date_gmt":"2017-08-07T12:03:48","guid":{"rendered":"https:\/\/www.sfas.ch\/?page_id=13"},"modified":"2022-06-13T16:01:08","modified_gmt":"2022-06-13T14:01:08","slug":"statuts","status":"publish","type":"page","link":"https:\/\/www.sfas.ch\/fr\/definition-de-la-sfas\/statuts\/","title":{"rendered":"Statuts"},"content":{"rendered":"\n<p>Les statuts ci-apr\u00e8s ont \u00e9t\u00e9 accept\u00e9s par l\u2019assembl\u00e9e g\u00e9n\u00e9rale de la SFAS \u00e0 Lucerne le 05.04.2019. Ils remplacent les statuts du 05.10.2018, 13.05.2011, 02.05.2008, 14.10.2004 et du 02.07.1993.<\/p>\n\n\n<div class=\"download-wrapper\">\n\t\t\t\t\t\t\t\t\t\t<p class=\"download-paragraph download-link\">\n\t\t\t\t\t\t\t\t\t\t\t<a href=\"https:\/\/www.sfas.ch\/fr\/wp-content\/uploads\/sites\/3\/2020\/03\/statuts-sfas-2019.pdf\" target=\"_blank\" download class=\"download-link-link\">\n\t\t\t\t\t\t\t\t\t\t\t\t<span class=\"download-icon pdf-icon\"><\/span>\n\t\t\t\t\t\t\t\t\t\t\t\t<span class=\"download-link-text\">Status 2019<\/span>\n\t\t\t\t\t\t\t\t\t\t\t<\/a>\n\t\t\t\t\t\t\t\t\t\t<\/p><p class=\"download-paragraph download-caption\">Fran\u00e7ais<\/p><p class=\"download-paragraph download-size\">153 Ko, pdf<\/p><\/div>\n\n<div class=\"download-wrapper\">\n\t\t\t\t\t\t\t\t\t\t<p class=\"download-paragraph download-link\">\n\t\t\t\t\t\t\t\t\t\t\t<a href=\"https:\/\/www.sfas.ch\/fr\/wp-content\/uploads\/sites\/3\/2020\/03\/statuten-sfas-2019.pdf\" target=\"_blank\" download class=\"download-link-link\">\n\t\t\t\t\t\t\t\t\t\t\t\t<span class=\"download-icon pdf-icon\"><\/span>\n\t\t\t\t\t\t\t\t\t\t\t\t<span class=\"download-link-text\">Statuten 2019<\/span>\n\t\t\t\t\t\t\t\t\t\t\t<\/a>\n\t\t\t\t\t\t\t\t\t\t<\/p><p class=\"download-paragraph download-caption\">Allemand<\/p><p class=\"download-paragraph download-size\">153 Ko, pdf<\/p><\/div>","protected":false},"excerpt":{"rendered":"<p>Les statuts ci-apr\u00e8s ont \u00e9t\u00e9 accept\u00e9s par l\u2019assembl\u00e9e g\u00e9n\u00e9rale de la SFAS \u00e0 Lucerne le 05.04.2019. Ils remplacent les statuts du 05.10.2018, 13.05.2011, 02.05.2008, 14.10.2004 et du 02.07.1993.<\/p>\n","protected":false},"author":1,"featured_media":0,"parent":9,"menu_order":20,"comment_status":"closed","ping_status":"closed","template":"","meta":{"seoDescription":"","seoKeywords":""},"_links":{"self":[{"href":"https:\/\/www.sfas.ch\/fr\/wp-json\/wp\/v2\/pages\/13"}],"collection":[{"href":"https:\/\/www.sfas.ch\/fr\/wp-json\/wp\/v2\/pages"}],"about":[{"href":"https:\/\/www.sfas.ch\/fr\/wp-json\/wp\/v2\/types\/page"}],"author":[{"embeddable":true,"href":"https:\/\/www.sfas.ch\/fr\/wp-json\/wp\/v2\/users\/1"}],"replies":[{"embeddable":true,"href":"https:\/\/www.sfas.ch\/fr\/wp-json\/wp\/v2\/comments?post=13"}],"version-history":[{"count":12,"href":"https:\/\/www.sfas.ch\/fr\/wp-json\/wp\/v2\/pages\/13\/revisions"}],"predecessor-version":[{"id":598,"href":"https:\/\/www.sfas.ch\/fr\/wp-json\/wp\/v2\/pages\/13\/revisions\/598"}],"up":[{"embeddable":true,"href":"https:\/\/www.sfas.ch\/fr\/wp-json\/wp\/v2\/pages\/9"}],"wp:attachment":[{"href":"https:\/\/www.sfas.ch\/fr\/wp-json\/wp\/v2\/media?parent=13"}],"curies":[{"name":"wp","href":"https:\/\/api.w.org\/{rel}","templated":true}]}}