{"id":11,"date":"2017-08-07T14:03:35","date_gmt":"2017-08-07T12:03:35","guid":{"rendered":"https:\/\/www.sfas.ch\/?page_id=11"},"modified":"2022-06-13T15:51:57","modified_gmt":"2022-06-13T13:51:57","slug":"vorstand","status":"publish","type":"page","link":"https:\/\/www.sfas.ch\/fr\/definition-de-la-sfas\/vorstand\/","title":{"rendered":"Vorstand"},"content":{"rendered":"\n<ul class=\"team-grid\"><li class=\"team-member-item\">\n\t\t\t\t\t\t\t\t\t\t<div class=\"team-member-image-container\"><img width=\"230\" height=\"300\" src=\"https:\/\/www.sfas.ch\/fr\/wp-content\/uploads\/reginariess-2048x1366-3-e1767708242566-230x300.jpg\" class=\"format-square\" alt=\"\" decoding=\"async\" loading=\"lazy\" v-sizes=\"\" srcset=\"https:\/\/www.sfas.ch\/fr\/wp-content\/uploads\/reginariess-2048x1366-3-e1767708242566-230x300.jpg 230w, https:\/\/www.sfas.ch\/fr\/wp-content\/uploads\/reginariess-2048x1366-3-e1767708242566.jpg 529w\" sizes=\"(max-width: 230px) 100vw, 230px\" \/><\/div>\n\t\t\t\t\t\t\t\t\t\t<div class=\"team-member-text-container\">\n\n<h2 class=\"wp-block-heading\">Dr. med. Regina Riess<\/h2>\n\n\n\n<h2 class=\"wp-block-heading\">President <\/h2>\n\n\n\n<p><strong>Aktuelle Stellung:<\/strong>&nbsp;\u00c4rztezentrum Zenit AG, Belegarztt\u00e4tigkeit Kantonsspital Schaffhausen<\/p>\n\n\n\n<p>Dr. med. Regina Riess<br>\u00c4rztezentrum Zenit AG<br>Bleicheplatz 3<br>8200 Schaffhausen<\/p>\n\n\n\n<p><a href=\"&#x6d;&#97;i&#x6c;&#x74;&#111;:&#x72;&#x69;&#101;s&#x73;&#x40;&#122;e&#x6e;&#x69;&#116;-&#x73;&#104;&#46;c&#x68;\">&#x72;&#105;&#101;&#x73;&#x73;&#64;&#122;&#x65;&#x6e;&#105;&#116;&#x2d;&#x73;&#104;&#46;&#x63;&#x68;<\/a><\/p>\n\n<\/div>\n\t\t\t\t\t\t\t\t\t<\/li>\n\n<li class=\"team-member-item\">\n\t\t\t\t\t\t\t\t\t\t<div class=\"team-member-image-container\"><img width=\"300\" height=\"300\" src=\"https:\/\/www.sfas.ch\/fr\/wp-content\/uploads\/3078388-docteur-lisca-drittenbass-300x300.jpg\" class=\"format-square\" alt=\"\" decoding=\"async\" loading=\"lazy\" v-sizes=\"\" srcset=\"https:\/\/www.sfas.ch\/fr\/wp-content\/uploads\/3078388-docteur-lisca-drittenbass-300x300.jpg 300w, https:\/\/www.sfas.ch\/fr\/wp-content\/uploads\/3078388-docteur-lisca-drittenbass.jpg 384w\" sizes=\"(max-width: 300px) 100vw, 300px\" \/><\/div>\n\t\t\t\t\t\t\t\t\t\t<div class=\"team-member-text-container\">\n\n<h2 class=\"wp-block-heading\">Dr. med. Lisca Drittenbass<\/h2>\n\n\n\n<h2 class=\"wp-block-heading\">Past President<\/h2>\n\n\n\n<p><strong>Aktuelle Stellung:&nbsp;<\/strong>M\u00e9decin associ\u00e9 au Centre Assal de m\u00e9decine et de chirurgie du pied<\/p>\n\n\n\n<p>Dr. med. Lisca Drittenbass<br>Centre Assal<br>6 Av. de Beau-S\u00e9jour<br>1206 Gen\u00e8ve<\/p>\n\n\n\n<p>Tel: +41 78 667 20 00<\/p>\n\n\n\n<p class=\"is-style-default\"><a href=\"m&#97;&#105;&#x6c;&#x74;o:&#108;&#105;&#x73;&#x63;a&#46;&#100;&#114;&#x69;&#x74;te&#110;&#x62;&#x61;&#x73;s&#64;&#103;&#x6d;&#x61;&#x69;l&#46;&#99;&#x6f;&#x6d;\">&#108;&#x69;s&#99;&#x61;&#46;&#100;&#x72;i&#x74;&#x74;&#101;&#x6e;b&#97;&#x73;s&#64;&#x67;m&#x61;&#x69;&#108;&#x2e;&#x63;&#111;&#x6d;<\/a><\/p>\n\n\n\n<p><\/p>\n\n<\/div>\n\t\t\t\t\t\t\t\t\t<\/li>\n\n<li class=\"team-member-item\">\n\t\t\t\t\t\t\t\t\t\t<div class=\"team-member-image-container\"><img width=\"276\" height=\"300\" src=\"https:\/\/www.sfas.ch\/fr\/wp-content\/uploads\/image0-1-276x300.jpeg\" class=\"format-square\" alt=\"\" decoding=\"async\" loading=\"lazy\" v-sizes=\"\" srcset=\"https:\/\/www.sfas.ch\/fr\/wp-content\/uploads\/image0-1-276x300.jpeg 276w, https:\/\/www.sfas.ch\/fr\/wp-content\/uploads\/image0-1.jpeg 705w\" sizes=\"(max-width: 276px) 100vw, 276px\" \/><\/div>\n\t\t\t\t\t\t\t\t\t\t<div class=\"team-member-text-container\">\n\n<h2 class=\"wp-block-heading\">Dr. med. Lukas Iselin <\/h2>\n\n\n\n<h2 class=\"wp-block-heading\">President elect<\/h2>\n\n\n\n<p><strong>Aktuelle Stellung: <\/strong>Fussspezialist, Orthop\u00e4dische Klinik Luzern <\/p>\n\n\n\n<p>Facharzt f\u00fcr Orthop\u00e4dische Chirurgie und Traumatologie des Bewegungsapparates, spez. Fuss- und Sprunggelenkschirurgie, Mitglied FMH<\/p>\n\n\n\n<p><\/p>\n\n\n\n<p>Dr. med. Lukas Iselin <br>Orthop\u00e4dische Klinik Luzern <br>St. Anna-Strasse 28<br>6006  Luzern <\/p>\n\n\n\n<p><a href=\"ma&#105;&#108;&#116;&#111;&#x3a;&#x6c;&#x75;&#x6b;&#x61;s&#46;&#105;&#115;&#101;&#108;&#x69;&#x6e;&#x40;&#x6f;&#x6b;l&#46;&#99;&#104;\">lukas&#46;&#105;&#115;&#101;&#108;&#105;&#110;&#64;&#x6f;&#x6b;&#x6c;&#x2e;&#x63;&#x68;<\/a><\/p>\n\n<\/div>\n\t\t\t\t\t\t\t\t\t<\/li>\n\n<li class=\"team-member-item\">\n\t\t\t\t\t\t\t\t\t\t<div class=\"team-member-image-container\"><img width=\"239\" height=\"300\" src=\"https:\/\/www.sfas.ch\/fr\/wp-content\/uploads\/photo-dubois-f-victor-2018-239x300.jpg\" class=\"format-square\" alt=\"\" decoding=\"async\" loading=\"lazy\" v-sizes=\"\" srcset=\"https:\/\/www.sfas.ch\/fr\/wp-content\/uploads\/photo-dubois-f-victor-2018-239x300.jpg 239w, https:\/\/www.sfas.ch\/fr\/wp-content\/uploads\/photo-dubois-f-victor-2018-768x965.jpg 768w, https:\/\/www.sfas.ch\/fr\/wp-content\/uploads\/photo-dubois-f-victor-2018-e1540894024244.jpg 362w\" sizes=\"(max-width: 239px) 100vw, 239px\" \/><\/div>\n\t\t\t\t\t\t\t\t\t\t<div class=\"team-member-text-container\">\n\n<h2 class=\"wp-block-heading\">Dr. med. Victor Dubois-Ferri\u00e8re<\/h2>\n\n\n\n<h2 class=\"wp-block-heading\">Beisitzer<\/h2>\n\n\n\n<p><strong>Besondere Aufgaben: <\/strong>Swiss travelling fellowship <\/p>\n\n\n\n<p><strong>Aktuelle Stellung:&nbsp;<\/strong>M\u00e9decin adjoint, Responsable de l\u2019\u00e9quipe de chirurgie du pied et de la cheville, Service de chirurgie orthop\u00e9dique et traumatologie de l\u2019appareil moteur, Centre Assal<\/p>\n\n\n\n<p>Dr med. Victor Dubois-Ferri\u00e8re<br>Centre Assal<br>6, Av. de Beau-S\u00e9jour <br>1206&nbsp;Gen\u00e8ve<\/p>\n\n\n\n<p>Tel.: +41 &nbsp;22 372 78 10<\/p>\n\n\n\n<p><a href=\"&#109;&#x61;i&#108;&#x74;o&#58;&#x76;i&#x63;&#x74;&#111;&#x72;&#46;&#100;&#x75;b&#111;&#x69;s&#x2d;&#x66;&#101;&#x72;&#x72;&#105;&#x65;r&#101;&#x40;c&#101;&#x6e;t&#x72;&#x65;&#45;&#x61;s&#115;&#x61;l&#46;&#x63;h\">v&#105;&#99;&#x74;&#x6f;&#x72;&#x2e;d&#117;&#98;&#111;&#x69;&#x73;&#x2d;fe&#114;&#114;&#x69;&#x65;&#x72;e&#64;&#99;&#101;&#x6e;&#x74;&#x72;e-&#97;&#115;&#x73;&#x61;&#x6c;&#46;c&#104;<\/a><\/p>\n\n<\/div>\n\t\t\t\t\t\t\t\t\t<\/li>\n\n<li class=\"team-member-item\">\n\t\t\t\t\t\t\t\t\t\t<div class=\"team-member-image-container\"><img width=\"300\" height=\"300\" src=\"https:\/\/www.sfas.ch\/fr\/wp-content\/uploads\/2022-01-12gerardo-j-maquieira-1-300x300.jpg\" class=\"format-square\" alt=\"\" decoding=\"async\" loading=\"lazy\" v-sizes=\"\" srcset=\"https:\/\/www.sfas.ch\/fr\/wp-content\/uploads\/2022-01-12gerardo-j-maquieira-1-300x300.jpg 300w, https:\/\/www.sfas.ch\/fr\/wp-content\/uploads\/2022-01-12gerardo-j-maquieira-1.jpg 384w\" sizes=\"(max-width: 300px) 100vw, 300px\" \/><\/div>\n\t\t\t\t\t\t\t\t\t\t<div class=\"team-member-text-container\">\n\n<h2 class=\"wp-block-heading\">Dr.med. Gerardo J. Maquieira<\/h2>\n\n\n\n<h2 class=\"wp-block-heading\">Beisitzer<\/h2>\n\n\n\n<p><strong>Besondere Aufgaben:<\/strong> Tarife<\/p>\n\n\n\n<p><strong>Aktuelle Stellung:<\/strong> Facharzt FMH f\u00fcr Orthop\u00e4dische<br>Chirurgie und Traumatologie<br>des Bewegungsapparates<br>Spezialgebiet Fuss- und<br>Sprunggelenkschirurgie<\/p>\n\n\n\n<p>Fusszentrum Hirslanden<br>Dr. med. Gerardo J. Maquieira<br>Witellikerstrasse 40<br>8032 Z\u00fcrich<\/p>\n\n\n\n<p><a href=\"&#x6d;&#97;i&#x6c;&#x74;&#111;:&#x47;&#101;r&#x61;&#x72;&#100;o&#x2e;&#109;a&#x71;&#x75;&#105;e&#x69;&#x72;&#97;&#x40;&#x68;&#105;r&#x73;&#x6c;&#97;n&#x64;&#101;n&#x2e;&#x63;&#104;\">&#x47;&#101;r&#x61;&#x72;&#100;o&#x2e;&#x6d;&#97;q&#x75;&#x69;&#101;i&#x72;&#x61;&#64;h&#x69;&#114;&#115;l&#x61;&#110;d&#x65;&#x6e;&#46;c&#x68;<\/a><\/p>\n\n<\/div>\n\t\t\t\t\t\t\t\t\t<\/li>\n\n<li class=\"team-member-item\">\n\t\t\t\t\t\t\t\t\t\t<div class=\"team-member-image-container\"><img width=\"296\" height=\"300\" src=\"https:\/\/www.sfas.ch\/fr\/wp-content\/uploads\/angela-seidel-296x300.png\" class=\"format-square\" alt=\"\" decoding=\"async\" loading=\"lazy\" v-sizes=\"\" srcset=\"https:\/\/www.sfas.ch\/fr\/wp-content\/uploads\/angela-seidel-296x300.png 296w, https:\/\/www.sfas.ch\/fr\/wp-content\/uploads\/angela-seidel.png 490w\" sizes=\"(max-width: 296px) 100vw, 296px\" \/><\/div>\n\t\t\t\t\t\t\t\t\t\t<div class=\"team-member-text-container\">\n\n<h2 class=\"wp-block-heading\">Dr. med. Angela Seidel<\/h2>\n\n\n\n<h2 class=\"wp-block-heading\">Qu\u00e4storin <\/h2>\n\n\n\n<p><strong>Aktuelle Stellung:&nbsp;<\/strong>M\u00e9decin adjointe chirurgie du pied Teamleiterin Fusschirurgie&nbsp;<\/p>\n\n\n\n<p><\/p>\n\n\n\n<p class=\"has-text-align-left\">Dr. Angela Seidel                                                                    Service de chirurgie orthop\u00e9dique et traumatologie           H\u00f4pital Fribourgeois HFR                                                      Chemin des Pensionnats 2-6                                                   Case postale                                                                                 1708 Fribourg<\/p>\n\n\n\n<p><a href=\"&#109;&#x61;i&#108;&#x74;o&#x3a;&#x41;&#110;&#x67;e&#108;&#x61;&#46;&#83;&#x65;&#105;&#x64;e&#108;&#x40;h&#45;&#x66;&#114;&#x2e;&#x63;&#104;\">A&#110;&#103;&#101;&#x6c;&#x61;&#x2e;Se&#105;&#100;&#x65;&#x6c;&#x40;&#x68;-f&#114;&#46;&#x63;&#x68;<\/a><\/p>\n\n<\/div>\n\t\t\t\t\t\t\t\t\t<\/li>\n\n<li class=\"team-member-item\">\n\t\t\t\t\t\t\t\t\t\t<div class=\"team-member-image-container\"><img width=\"216\" height=\"300\" src=\"https:\/\/www.sfas.ch\/fr\/wp-content\/uploads\/portrait-kssg-zoom-kopie-216x300.jpeg\" class=\"format-square\" alt=\"\" decoding=\"async\" loading=\"lazy\" v-sizes=\"\" srcset=\"https:\/\/www.sfas.ch\/fr\/wp-content\/uploads\/portrait-kssg-zoom-kopie-216x300.jpeg 216w, https:\/\/www.sfas.ch\/fr\/wp-content\/uploads\/portrait-kssg-zoom-kopie-768x1067.jpeg 768w, https:\/\/www.sfas.ch\/fr\/wp-content\/uploads\/portrait-kssg-zoom-kopie.jpeg 921w\" sizes=\"(max-width: 216px) 100vw, 216px\" \/><\/div>\n\t\t\t\t\t\t\t\t\t\t<div class=\"team-member-text-container\">\n\n<h2 class=\"wp-block-heading\">PD Dr. med. Andreas Toepfer<\/h2>\n\n\n\n<h2 class=\"wp-block-heading\">Beisitzer <\/h2>\n\n\n\n<p><strong>Aktuelle Stellung:<\/strong> Leitender Arzt \/ Leiter Team Fuss und Sprunggelenk &amp; Tumororthop\u00e4die<\/p>\n\n\n\n<p>DP Dr. med. Andreas Toepfer<br>Klinik f\u00fcr Orthop\u00e4die und Traumatologie<br>Hoch Health Ostschweiz, Kantonspital St.Gallen<br>Rorschacherstrasse 95<br>9007 St.Gallen<\/p>\n\n\n\n<p><a href=\"ma&#105;&#108;&#x74;&#x6f;&#x3a;&#x61;nd&#114;&#101;&#x61;&#x73;&#x2e;&#x74;oe&#112;&#102;&#101;&#x72;&#x40;&#x68;&#x2d;oc&#104;&#46;&#x63;&#x68;\">&#97;&#x6e;&#100;&#x72;e&#97;&#x73;&#46;&#x74;o&#x65;p&#102;&#x65;&#114;&#x40;h&#x2d;&#x6f;&#99;&#x68;&#46;&#x63;h<\/a><\/p>\n\n<\/div>\n\t\t\t\t\t\t\t\t\t<\/li><\/ul>\n<hr class=\"fallback-content\"><p class=\"fallback-content\">Ce contenu n'est pas disponible dans votre langue.<\/p>","protected":false},"excerpt":{"rendered":"<p>Dr. med. Regina Riess President Aktuelle Stellung:&nbsp;\u00c4rztezentrum Zenit AG, Belegarztt\u00e4tigkeit Kantonsspital Schaffhausen Dr. med. Regina Riess\u00c4rztezentrum Zenit AGBleicheplatz 38200 Schaffhausen &#114;&#x69;e&#x73;s&#64;&#x7a;&#101;&#x6e;i&#116;&#x2d;&#115;&#x68;&#46;&#x63;&#x68; Dr. med. Lisca Drittenbass Past President Aktuelle Stellung:&nbsp;M\u00e9decin associ\u00e9 au Centre Assal de m\u00e9decine et de chirurgie du pied Dr. med. Lisca DrittenbassCentre Assal6 Av. de Beau-S\u00e9jour1206 Gen\u00e8ve Tel: +41 78 667 20 00 [&hellip;]<\/p>\n","protected":false},"author":1,"featured_media":0,"parent":9,"menu_order":10,"comment_status":"closed","ping_status":"closed","template":"","meta":{"seoDescription":"","seoKeywords":""},"_links":{"self":[{"href":"https:\/\/www.sfas.ch\/fr\/wp-json\/wp\/v2\/pages\/11"}],"collection":[{"href":"https:\/\/www.sfas.ch\/fr\/wp-json\/wp\/v2\/pages"}],"about":[{"href":"https:\/\/www.sfas.ch\/fr\/wp-json\/wp\/v2\/types\/page"}],"author":[{"embeddable":true,"href":"https:\/\/www.sfas.ch\/fr\/wp-json\/wp\/v2\/users\/1"}],"replies":[{"embeddable":true,"href":"https:\/\/www.sfas.ch\/fr\/wp-json\/wp\/v2\/comments?post=11"}],"version-history":[{"count":58,"href":"https:\/\/www.sfas.ch\/fr\/wp-json\/wp\/v2\/pages\/11\/revisions"}],"predecessor-version":[{"id":595,"href":"https:\/\/www.sfas.ch\/fr\/wp-json\/wp\/v2\/pages\/11\/revisions\/595"}],"up":[{"embeddable":true,"href":"https:\/\/www.sfas.ch\/fr\/wp-json\/wp\/v2\/pages\/9"}],"wp:attachment":[{"href":"https:\/\/www.sfas.ch\/fr\/wp-json\/wp\/v2\/media?parent=11"}],"curies":[{"name":"wp","href":"https:\/\/api.w.org\/{rel}","templated":true}]}}