{"id":45,"date":"2017-08-07T14:19:28","date_gmt":"2017-08-07T12:19:28","guid":{"rendered":"https:\/\/www.sfas.ch\/?page_id=45"},"modified":"2017-08-24T12:10:20","modified_gmt":"2017-08-24T10:10:20","slug":"stipendien","status":"publish","type":"page","link":"https:\/\/www.sfas.ch\/en\/stipendien\/","title":{"rendered":"Stipendien"},"content":{"rendered":"\n<p class=\"is-style-lead\">Die Schweizerische Gesellschaft f\u00fcr Chirurgie und Medizin des Fusses SFAS hat 2008 einen \u201eStipendienfonds der SFAS\u201c gegr\u00fcndet. Zweck ist die Nachwuchsf\u00f6rderung und Weiterbildung in Chirurgie und Medizin des Fusses, f\u00fcr Personen, deren eigene finanzielle Ressourcen dies nicht erlauben w\u00fcrden. <\/p>\n\n\n\n<p>Mit dem vorliegenden Reglement werden Beschaffung und Verwendung der finanziellen Mittel definiert. Das Reglement bezieht sich auf die Statuten der SFAS.<\/p>\n\n\n\n<p>Stipendien stehen prinzipiell allen Personen offen, die ein begr\u00fcndetes Interesse an der Chirurgie und Medizin des Fusses haben. Sie werden in der Regel aber an Mitglieder der SFAS vergeben. In Ausnahmef\u00e4llen entscheidet der SFAS-Vorstand auf Antrag der Kommission.<\/p>\n\n\n<div class=\"download-wrapper\">\n\t\t\t\t\t\t\t\t\t\t<p class=\"download-paragraph download-link\">\n\t\t\t\t\t\t\t\t\t\t\t<a href=\"https:\/\/www.sfas.ch\/en\/wp-content\/uploads\/reglement-stipendien-sfas.pdf\" target=\"_blank\" download class=\"download-link-link\">\n\t\t\t\t\t\t\t\t\t\t\t\t<span class=\"download-icon pdf-icon\"><\/span>\n\t\t\t\t\t\t\t\t\t\t\t\t<span class=\"download-link-text\">Reglement Stipendien SFAS<\/span>\n\t\t\t\t\t\t\t\t\t\t\t<\/a>\n\t\t\t\t\t\t\t\t\t\t<\/p><p class=\"download-paragraph download-size\">28 KB, pdf<\/p><\/div><hr class=\"fallback-content\"><p class=\"fallback-content\">This content is not available in your language.<\/p>","protected":false},"excerpt":{"rendered":"<p>Die Schweizerische Gesellschaft f\u00fcr Chirurgie und Medizin des Fusses SFAS hat 2008 einen \u201eStipendienfonds der SFAS\u201c gegr\u00fcndet. Zweck ist die Nachwuchsf\u00f6rderung und Weiterbildung in Chirurgie und Medizin des Fusses, f\u00fcr Personen, deren eigene finanzielle Ressourcen dies nicht erlauben w\u00fcrden. Mit dem vorliegenden Reglement werden Beschaffung und Verwendung der finanziellen Mittel definiert. Das Reglement bezieht sich [&hellip;]<\/p>\n","protected":false},"author":1,"featured_media":0,"parent":0,"menu_order":80,"comment_status":"closed","ping_status":"closed","template":"","meta":{"seoDescription":"","seoKeywords":""},"_links":{"self":[{"href":"https:\/\/www.sfas.ch\/en\/wp-json\/wp\/v2\/pages\/45"}],"collection":[{"href":"https:\/\/www.sfas.ch\/en\/wp-json\/wp\/v2\/pages"}],"about":[{"href":"https:\/\/www.sfas.ch\/en\/wp-json\/wp\/v2\/types\/page"}],"author":[{"embeddable":true,"href":"https:\/\/www.sfas.ch\/en\/wp-json\/wp\/v2\/users\/1"}],"replies":[{"embeddable":true,"href":"https:\/\/www.sfas.ch\/en\/wp-json\/wp\/v2\/comments?post=45"}],"version-history":[{"count":1,"href":"https:\/\/www.sfas.ch\/en\/wp-json\/wp\/v2\/pages\/45\/revisions"}],"predecessor-version":[{"id":46,"href":"https:\/\/www.sfas.ch\/en\/wp-json\/wp\/v2\/pages\/45\/revisions\/46"}],"wp:attachment":[{"href":"https:\/\/www.sfas.ch\/en\/wp-json\/wp\/v2\/media?parent=45"}],"curies":[{"name":"wp","href":"https:\/\/api.w.org\/{rel}","templated":true}]}}