{"id":39,"date":"2017-08-07T14:11:43","date_gmt":"2017-08-07T12:11:43","guid":{"rendered":"https:\/\/www.sfas.ch\/?page_id=39"},"modified":"2022-02-22T09:01:34","modified_gmt":"2022-02-22T08:01:34","slug":"mitglied-werden","status":"publish","type":"page","link":"https:\/\/www.sfas.ch\/en\/mitglied-werden\/","title":{"rendered":"Mitglied werden"},"content":{"rendered":"\n<h2 class=\"wp-block-heading\">Werden Sie Mitglied<\/h2>\n\n\n\n<h2 class=\"wp-block-heading\">Ihre Vorteile<\/h2>\n\n\n\n<h2 class=\"wp-block-heading\">Ordentliche Mitglieder:<\/h2>\n\n\n\n<h3 class=\"wp-block-heading\">Mitgliedschaft in der &nbsp;<em>SFAS<\/em>&nbsp; und der &nbsp;<em>European Foot and Ankle Society (EFAS)<\/em><\/h3>\n\n\n\n<h3 class=\"wp-block-heading\">International Journals (printed)<\/h3>\n\n\n\n<ul>\n<li>Foot and Ankle Surgery<\/li>\n\n\n\n<li>Techniques in Foot and Ankle Surgery<\/li>\n<\/ul>\n\n\n\n<p><a href=\"https:\/\/www.sfas.ch\/wp\/wp-content\/uploads\/instruction-online-access-to-tfas-journal.pdf\">Instructions online access to <em>Techniques in Foot and Ankle Surgery&nbsp;<\/em><\/a><a href=\"https:\/\/www.sfas.ch\/wp\/wp-content\/uploads\/instruction-to-online-access-to-efas-journal.pdf\">&#8211; for SFAS members<\/a><\/p>\n\n\n\n<h2 class=\"wp-block-heading\">Ordentliche, Junior-, Frei- und Ehrenmitglieder:<\/h2>\n\n\n\n<h3 class=\"wp-block-heading\">Information durch:<\/h3>\n\n\n\n<ul>\n<li>SFAS-Webseite: <a href=\"https:\/\/www.sfas.ch\">www.sfas.ch<\/a><\/li>\n\n\n\n<li>EFAS-Webseite: <a href=\"http:\/\/www.efas.co\">www.efas.net<\/a><\/li>\n<\/ul>\n\n\n\n<h3 class=\"wp-block-heading\">Travelling Fellowship und Stipendien<\/h3>\n\n\n\n<h3 class=\"wp-block-heading\">Erm\u00e4ssigungen f\u00fcr:<\/h3>\n\n\n\n<ul>\n<li>Praktische Fusskurse (SFAS Anatomie und MIS Cadaver Kurse, OrthoDays)<\/li>\n\n\n\n<li>SFAS Jahressymposium<\/li>\n\n\n\n<li>EFAS Kurse und Kongresse<\/li>\n<\/ul>\n\n\n\n<h3 class=\"wp-block-heading\">Gemeinsame Anl\u00e4sse:<\/h3>\n\n\n\n<ul>\n<li>Reisen<\/li>\n\n\n\n<li>Kongresse<\/li>\n<\/ul>\n\n\n\n<h2 class=\"wp-block-heading\">Wie werde ich Mitglied?<\/h2>\n\n\n\n<h3 class=\"wp-block-heading\">Einzureichen:<\/h3>\n\n\n\n<p>Bis sp\u00e4testens 4 Wochen vor der Mitgliederversammlung m\u00fcssen folgende Unterlagen beim Pr\u00e4sident eingetroffen sein (vergl. unsere&nbsp;<strong><a href=\"https:\/\/www.sfas.ch\/statuten\/\">Statuten<\/a><\/strong>) :<\/p>\n\n\n\n<ul>\n<li>Motivationsschreiben<\/li>\n\n\n\n<li>Empfehlungsschreiben von 2 Paten (ordentliche Mitglieder)<\/li>\n\n\n\n<li>Curriculum vitae<\/li>\n<\/ul>\n\n\n\n<h2 class=\"wp-block-heading\">\u00c4nderung des Mitgliederstatus\/ K\u00fcndigung der Mitgliedschaft:<\/h2>\n\n\n\n<p>6 Monate vor Ablauf des Gesch\u00e4ftsjahres ist die K\u00fcndigung\/ die \u00c4nderung des Mitgliederstatus per Brief oder E-Mail beim Pr\u00e4sidenten der SFAS einzureichen (Vgl. Statuten)<\/p>\n\n\n\n<p><\/p>\n\n\n\n<h3 class=\"wp-block-heading\">Einzureichen bei:<\/h3>\n\n\n\n<p><\/p>\n\n\n\n<p>Pr\u00e4sidentin SFAS<br>Dr. med. Regina Riess<br>\u00c4rztezentrum ZeniT AG<br>Bleicheplatz 3<br>8200 Schaffhausen <\/p>\n\n\n\n<p> <a href=\"m&#97;&#x69;&#x6c;&#x74;o&#58;&#114;&#x69;&#x65;s&#115;&#64;&#x7a;&#x65;ni&#116;&#x2d;&#x73;&#x68;&#46;&#99;&#x68;\">&#x72;i&#x65;s&#x73;&#64;&#x7a;&#101;n&#x69;t&#x2d;&#115;&#x68;&#46;&#x63;&#104;<\/a><\/p>\n<hr class=\"fallback-content\"><p class=\"fallback-content\">This content is not available in your language.<\/p>","protected":false},"excerpt":{"rendered":"<p>Werden Sie Mitglied Ihre Vorteile Ordentliche Mitglieder: Mitgliedschaft in der &nbsp;SFAS&nbsp; und der &nbsp;European Foot and Ankle Society (EFAS) International Journals (printed) Foot and Ankle Surgery Techniques in Foot and Ankle Surgery Instructions online access to Techniques in Foot and Ankle Surgery&nbsp;&#8211; for SFAS members Ordentliche, Junior-, Frei- und Ehrenmitglieder: Information durch: SFAS-Webseite: www.sfas.ch EFAS-Webseite: [&hellip;]<\/p>\n","protected":false},"author":1,"featured_media":0,"parent":0,"menu_order":50,"comment_status":"closed","ping_status":"closed","template":"","meta":{"seoDescription":"","seoKeywords":""},"_links":{"self":[{"href":"https:\/\/www.sfas.ch\/en\/wp-json\/wp\/v2\/pages\/39"}],"collection":[{"href":"https:\/\/www.sfas.ch\/en\/wp-json\/wp\/v2\/pages"}],"about":[{"href":"https:\/\/www.sfas.ch\/en\/wp-json\/wp\/v2\/types\/page"}],"author":[{"embeddable":true,"href":"https:\/\/www.sfas.ch\/en\/wp-json\/wp\/v2\/users\/1"}],"replies":[{"embeddable":true,"href":"https:\/\/www.sfas.ch\/en\/wp-json\/wp\/v2\/comments?post=39"}],"version-history":[{"count":1,"href":"https:\/\/www.sfas.ch\/en\/wp-json\/wp\/v2\/pages\/39\/revisions"}],"predecessor-version":[{"id":40,"href":"https:\/\/www.sfas.ch\/en\/wp-json\/wp\/v2\/pages\/39\/revisions\/40"}],"wp:attachment":[{"href":"https:\/\/www.sfas.ch\/en\/wp-json\/wp\/v2\/media?parent=39"}],"curies":[{"name":"wp","href":"https:\/\/api.w.org\/{rel}","templated":true}]}}