{"id":11,"date":"2017-08-07T14:03:35","date_gmt":"2017-08-07T12:03:35","guid":{"rendered":"https:\/\/www.sfas.ch\/?page_id=11"},"modified":"2022-03-29T18:42:02","modified_gmt":"2022-03-29T16:42:02","slug":"vorstand","status":"publish","type":"page","link":"https:\/\/www.sfas.ch\/en\/vorstand\/","title":{"rendered":"Vorstand"},"content":{"rendered":"\n<ul class=\"team-grid\"><li class=\"team-member-item\">\n\t\t\t\t\t\t\t\t\t\t<div class=\"team-member-image-container\"><img width=\"230\" height=\"300\" src=\"https:\/\/www.sfas.ch\/en\/wp-content\/uploads\/reginariess-2048x1366-3-e1767708242566-230x300.jpg\" class=\"format-square\" alt=\"\" decoding=\"async\" loading=\"lazy\" v-sizes=\"\" srcset=\"https:\/\/www.sfas.ch\/en\/wp-content\/uploads\/reginariess-2048x1366-3-e1767708242566-230x300.jpg 230w, https:\/\/www.sfas.ch\/en\/wp-content\/uploads\/reginariess-2048x1366-3-e1767708242566.jpg 529w\" sizes=\"(max-width: 230px) 100vw, 230px\" \/><\/div>\n\t\t\t\t\t\t\t\t\t\t<div class=\"team-member-text-container\">\n\n<h2 class=\"wp-block-heading\">Dr. med. Regina Riess<\/h2>\n\n\n\n<h2 class=\"wp-block-heading\">President <\/h2>\n\n\n\n<p><strong>Aktuelle Stellung:<\/strong>&nbsp;\u00c4rztezentrum Zenit AG, Belegarztt\u00e4tigkeit Kantonsspital Schaffhausen<\/p>\n\n\n\n<p>Dr. med. Regina Riess<br>\u00c4rztezentrum Zenit AG<br>Bleicheplatz 3<br>8200 Schaffhausen<\/p>\n\n\n\n<p><a href=\"&#x6d;&#97;i&#x6c;&#116;o&#x3a;&#114;i&#x65;&#115;s&#x40;&#122;e&#x6e;&#x69;t&#x2d;&#x73;&#104;&#x2e;&#x63;&#104;\">&#x72;&#x69;&#101;s&#x73;&#x40;&#x7a;&#101;n&#x69;&#x74;&#x2d;&#115;h&#x2e;&#x63;&#x68;<\/a><\/p>\n\n<\/div>\n\t\t\t\t\t\t\t\t\t<\/li>\n\n<li class=\"team-member-item\">\n\t\t\t\t\t\t\t\t\t\t<div class=\"team-member-image-container\"><img width=\"300\" height=\"300\" src=\"https:\/\/www.sfas.ch\/en\/wp-content\/uploads\/3078388-docteur-lisca-drittenbass-300x300.jpg\" class=\"format-square\" alt=\"\" decoding=\"async\" loading=\"lazy\" v-sizes=\"\" srcset=\"https:\/\/www.sfas.ch\/en\/wp-content\/uploads\/3078388-docteur-lisca-drittenbass-300x300.jpg 300w, https:\/\/www.sfas.ch\/en\/wp-content\/uploads\/3078388-docteur-lisca-drittenbass.jpg 384w\" sizes=\"(max-width: 300px) 100vw, 300px\" \/><\/div>\n\t\t\t\t\t\t\t\t\t\t<div class=\"team-member-text-container\">\n\n<h2 class=\"wp-block-heading\">Dr. med. Lisca Drittenbass<\/h2>\n\n\n\n<h2 class=\"wp-block-heading\">Past President<\/h2>\n\n\n\n<p><strong>Aktuelle Stellung:&nbsp;<\/strong>M\u00e9decin associ\u00e9 au Centre Assal de m\u00e9decine et de chirurgie du pied<\/p>\n\n\n\n<p>Dr. med. Lisca Drittenbass<br>Centre Assal<br>6 Av. de Beau-S\u00e9jour<br>1206 Gen\u00e8ve<\/p>\n\n\n\n<p>Tel: +41 78 667 20 00<\/p>\n\n\n\n<p class=\"is-style-default\"><a href=\"&#109;&#x61;&#x69;l&#116;&#x6f;:&#108;&#x69;&#x73;&#99;&#x61;&#x2e;d&#114;&#x69;t&#116;&#x65;&#x6e;&#98;&#x61;&#x73;s&#64;&#x67;m&#97;&#x69;&#x6c;&#46;&#x63;&#x6f;m\">l&#105;&#115;&#x63;&#x61;&#x2e;dr&#105;&#116;&#x74;&#x65;&#x6e;b&#97;&#115;&#115;&#x40;&#x67;&#x6d;a&#105;&#108;&#x2e;&#x63;&#x6f;m<\/a><\/p>\n\n\n\n<p><\/p>\n\n<\/div>\n\t\t\t\t\t\t\t\t\t<\/li>\n\n<li class=\"team-member-item\">\n\t\t\t\t\t\t\t\t\t\t<div class=\"team-member-image-container\"><img width=\"276\" height=\"300\" src=\"https:\/\/www.sfas.ch\/en\/wp-content\/uploads\/image0-1-276x300.jpeg\" class=\"format-square\" alt=\"\" decoding=\"async\" loading=\"lazy\" v-sizes=\"\" srcset=\"https:\/\/www.sfas.ch\/en\/wp-content\/uploads\/image0-1-276x300.jpeg 276w, https:\/\/www.sfas.ch\/en\/wp-content\/uploads\/image0-1.jpeg 705w\" sizes=\"(max-width: 276px) 100vw, 276px\" \/><\/div>\n\t\t\t\t\t\t\t\t\t\t<div class=\"team-member-text-container\">\n\n<h2 class=\"wp-block-heading\">Dr. med. Lukas Iselin <\/h2>\n\n\n\n<h2 class=\"wp-block-heading\">President elect<\/h2>\n\n\n\n<p><strong>Aktuelle Stellung: <\/strong>Fussspezialist, Orthop\u00e4dische Klinik Luzern <\/p>\n\n\n\n<p>Facharzt f\u00fcr Orthop\u00e4dische Chirurgie und Traumatologie des Bewegungsapparates, spez. Fuss- und Sprunggelenkschirurgie, Mitglied FMH<\/p>\n\n\n\n<p><\/p>\n\n\n\n<p>Dr. med. Lukas Iselin <br>Orthop\u00e4dische Klinik Luzern <br>St. Anna-Strasse 28<br>6006  Luzern <\/p>\n\n\n\n<p><a href=\"m&#97;&#x69;&#x6c;t&#111;&#58;&#x6c;&#x75;k&#97;&#x73;&#x2e;i&#115;&#101;&#x6c;&#x69;n&#64;&#x6f;&#x6b;l&#46;&#99;&#x68;\">lukas&#46;iselin&#64;&#111;&#107;&#108;&#46;&#99;&#104;<\/a><\/p>\n\n<\/div>\n\t\t\t\t\t\t\t\t\t<\/li>\n\n<li class=\"team-member-item\">\n\t\t\t\t\t\t\t\t\t\t<div class=\"team-member-image-container\"><img width=\"239\" height=\"300\" src=\"https:\/\/www.sfas.ch\/en\/wp-content\/uploads\/photo-dubois-f-victor-2018-239x300.jpg\" class=\"format-square\" alt=\"\" decoding=\"async\" loading=\"lazy\" v-sizes=\"\" srcset=\"https:\/\/www.sfas.ch\/en\/wp-content\/uploads\/photo-dubois-f-victor-2018-239x300.jpg 239w, https:\/\/www.sfas.ch\/en\/wp-content\/uploads\/photo-dubois-f-victor-2018-768x965.jpg 768w, https:\/\/www.sfas.ch\/en\/wp-content\/uploads\/photo-dubois-f-victor-2018-e1540894024244.jpg 362w\" sizes=\"(max-width: 239px) 100vw, 239px\" \/><\/div>\n\t\t\t\t\t\t\t\t\t\t<div class=\"team-member-text-container\">\n\n<h2 class=\"wp-block-heading\">Dr. med. Victor Dubois-Ferri\u00e8re<\/h2>\n\n\n\n<h2 class=\"wp-block-heading\">Beisitzer<\/h2>\n\n\n\n<p><strong>Besondere Aufgaben: <\/strong>Swiss travelling fellowship <\/p>\n\n\n\n<p><strong>Aktuelle Stellung:&nbsp;<\/strong>M\u00e9decin adjoint, Responsable de l\u2019\u00e9quipe de chirurgie du pied et de la cheville, Service de chirurgie orthop\u00e9dique et traumatologie de l\u2019appareil moteur, Centre Assal<\/p>\n\n\n\n<p>Dr med. Victor Dubois-Ferri\u00e8re<br>Centre Assal<br>6, Av. de Beau-S\u00e9jour <br>1206&nbsp;Gen\u00e8ve<\/p>\n\n\n\n<p>Tel.: +41 &nbsp;22 372 78 10<\/p>\n\n\n\n<p><a href=\"&#x6d;&#x61;&#x69;&#x6c;&#x74;&#x6f;&#58;&#118;&#105;&#99;tor&#46;&#x64;&#x75;&#x62;&#x6f;&#x69;&#x73;&#45;&#102;&#101;&#114;&#114;ier&#x65;&#x40;&#x63;&#x65;&#x6e;&#x74;&#114;&#101;&#45;&#97;&#115;sal&#x2e;&#x63;&#x68;\">&#x76;i&#x63;&#116;&#x6f;&#114;&#46;&#x64;u&#x62;&#111;&#x69;&#115;-&#x66;&#101;&#x72;&#114;i&#x65;r&#x65;&#64;&#x63;&#101;n&#x74;r&#x65;&#45;&#x61;&#x73;s&#x61;&#108;&#x2e;&#99;h<\/a><\/p>\n\n<\/div>\n\t\t\t\t\t\t\t\t\t<\/li>\n\n<li class=\"team-member-item\">\n\t\t\t\t\t\t\t\t\t\t<div class=\"team-member-image-container\"><img width=\"300\" height=\"300\" src=\"https:\/\/www.sfas.ch\/en\/wp-content\/uploads\/2022-01-12gerardo-j-maquieira-1-300x300.jpg\" class=\"format-square\" alt=\"\" decoding=\"async\" loading=\"lazy\" v-sizes=\"\" srcset=\"https:\/\/www.sfas.ch\/en\/wp-content\/uploads\/2022-01-12gerardo-j-maquieira-1-300x300.jpg 300w, https:\/\/www.sfas.ch\/en\/wp-content\/uploads\/2022-01-12gerardo-j-maquieira-1.jpg 384w\" sizes=\"(max-width: 300px) 100vw, 300px\" \/><\/div>\n\t\t\t\t\t\t\t\t\t\t<div class=\"team-member-text-container\">\n\n<h2 class=\"wp-block-heading\">Dr.med. Gerardo J. Maquieira<\/h2>\n\n\n\n<h2 class=\"wp-block-heading\">Beisitzer<\/h2>\n\n\n\n<p><strong>Besondere Aufgaben:<\/strong> Tarife<\/p>\n\n\n\n<p><strong>Aktuelle Stellung:<\/strong> Facharzt FMH f\u00fcr Orthop\u00e4dische<br>Chirurgie und Traumatologie<br>des Bewegungsapparates<br>Spezialgebiet Fuss- und<br>Sprunggelenkschirurgie<\/p>\n\n\n\n<p>Fusszentrum Hirslanden<br>Dr. med. Gerardo J. Maquieira<br>Witellikerstrasse 40<br>8032 Z\u00fcrich<\/p>\n\n\n\n<p><a href=\"&#x6d;&#97;i&#x6c;&#x74;&#111;:&#x47;&#x65;&#114;a&#x72;&#x64;&#111;&#46;&#x6d;&#x61;&#113;u&#x69;&#101;&#105;r&#x61;&#64;h&#x69;&#x72;&#115;l&#x61;&#x6e;&#100;e&#x6e;&#x2e;&#99;h\">&#x47;&#x65;&#114;ar&#x64;&#x6f;&#46;&#109;a&#x71;&#x75;&#105;&#101;i&#x72;&#x61;&#x40;&#104;ir&#x73;&#x6c;&#97;&#110;d&#x65;&#x6e;&#46;&#99;h<\/a><\/p>\n\n<\/div>\n\t\t\t\t\t\t\t\t\t<\/li>\n\n<li class=\"team-member-item\">\n\t\t\t\t\t\t\t\t\t\t<div class=\"team-member-image-container\"><img width=\"296\" height=\"300\" src=\"https:\/\/www.sfas.ch\/en\/wp-content\/uploads\/angela-seidel-296x300.png\" class=\"format-square\" alt=\"\" decoding=\"async\" loading=\"lazy\" v-sizes=\"\" srcset=\"https:\/\/www.sfas.ch\/en\/wp-content\/uploads\/angela-seidel-296x300.png 296w, https:\/\/www.sfas.ch\/en\/wp-content\/uploads\/angela-seidel.png 490w\" sizes=\"(max-width: 296px) 100vw, 296px\" \/><\/div>\n\t\t\t\t\t\t\t\t\t\t<div class=\"team-member-text-container\">\n\n<h2 class=\"wp-block-heading\">Dr. med. Angela Seidel<\/h2>\n\n\n\n<h2 class=\"wp-block-heading\">Qu\u00e4storin <\/h2>\n\n\n\n<p><strong>Aktuelle Stellung:&nbsp;<\/strong>M\u00e9decin adjointe chirurgie du pied Teamleiterin Fusschirurgie&nbsp;<\/p>\n\n\n\n<p><\/p>\n\n\n\n<p class=\"has-text-align-left\">Dr. Angela Seidel                                                                    Service de chirurgie orthop\u00e9dique et traumatologie           H\u00f4pital Fribourgeois HFR                                                      Chemin des Pensionnats 2-6                                                   Case postale                                                                                 1708 Fribourg<\/p>\n\n\n\n<p><a href=\"&#109;&#x61;&#105;&#x6c;&#116;&#x6f;:&#x41;n&#x67;e&#108;&#x61;&#46;&#x53;&#101;&#x69;&#100;&#x65;l&#x40;h&#x2d;f&#114;&#x2e;&#99;&#x68;\">&#x41;&#x6e;&#x67;&#x65;&#x6c;&#x61;&#x2e;&#x53;&#x65;&#x69;&#x64;&#x65;&#x6c;&#x40;&#x68;&#x2d;&#x66;&#x72;&#x2e;&#x63;&#x68;<\/a><\/p>\n\n<\/div>\n\t\t\t\t\t\t\t\t\t<\/li>\n\n<li class=\"team-member-item\">\n\t\t\t\t\t\t\t\t\t\t<div class=\"team-member-image-container\"><img width=\"216\" height=\"300\" src=\"https:\/\/www.sfas.ch\/en\/wp-content\/uploads\/portrait-kssg-zoom-kopie-216x300.jpeg\" class=\"format-square\" alt=\"\" decoding=\"async\" loading=\"lazy\" v-sizes=\"\" srcset=\"https:\/\/www.sfas.ch\/en\/wp-content\/uploads\/portrait-kssg-zoom-kopie-216x300.jpeg 216w, https:\/\/www.sfas.ch\/en\/wp-content\/uploads\/portrait-kssg-zoom-kopie-768x1067.jpeg 768w, https:\/\/www.sfas.ch\/en\/wp-content\/uploads\/portrait-kssg-zoom-kopie.jpeg 921w\" sizes=\"(max-width: 216px) 100vw, 216px\" \/><\/div>\n\t\t\t\t\t\t\t\t\t\t<div class=\"team-member-text-container\">\n\n<h2 class=\"wp-block-heading\">PD Dr. med. Andreas Toepfer<\/h2>\n\n\n\n<h2 class=\"wp-block-heading\">Beisitzer <\/h2>\n\n\n\n<p><strong>Aktuelle Stellung:<\/strong> Leitender Arzt \/ Leiter Team Fuss und Sprunggelenk &amp; Tumororthop\u00e4die<\/p>\n\n\n\n<p>DP Dr. med. Andreas Toepfer<br>Klinik f\u00fcr Orthop\u00e4die und Traumatologie<br>Hoch Health Ostschweiz, Kantonspital St.Gallen<br>Rorschacherstrasse 95<br>9007 St.Gallen<\/p>\n\n\n\n<p><a href=\"&#x6d;&#x61;&#105;l&#x74;&#x6f;&#58;an&#x64;&#x72;&#101;a&#x73;&#x2e;&#116;&#111;e&#x70;&#x66;&#101;r&#x40;&#x68;&#45;&#111;c&#x68;&#x2e;&#99;h\">a&#110;&#x64;&#x72;e&#97;&#115;&#x2e;&#x74;o&#101;&#112;&#x66;&#x65;r&#64;&#x68;&#x2d;&#x6f;c&#104;&#x2e;&#x63;h<\/a><\/p>\n\n<\/div>\n\t\t\t\t\t\t\t\t\t<\/li><\/ul>\n<hr class=\"fallback-content\"><p class=\"fallback-content\">This content is not available in your language.<\/p>","protected":false},"excerpt":{"rendered":"<p>Dr. med. Regina Riess President Aktuelle Stellung:&nbsp;\u00c4rztezentrum Zenit AG, Belegarztt\u00e4tigkeit Kantonsspital Schaffhausen Dr. med. Regina Riess\u00c4rztezentrum Zenit AGBleicheplatz 38200 Schaffhausen &#x72;&#x69;&#101;s&#x73;&#x40;&#122;&#101;n&#x69;&#x74;&#45;&#115;h&#x2e;&#x63;&#104; Dr. med. Lisca Drittenbass Past President Aktuelle Stellung:&nbsp;M\u00e9decin associ\u00e9 au Centre Assal de m\u00e9decine et de chirurgie du pied Dr. med. Lisca DrittenbassCentre Assal6 Av. de Beau-S\u00e9jour1206 Gen\u00e8ve Tel: +41 78 667 20 00 [&hellip;]<\/p>\n","protected":false},"author":1,"featured_media":0,"parent":0,"menu_order":20,"comment_status":"closed","ping_status":"closed","template":"","meta":{"seoDescription":"","seoKeywords":""},"_links":{"self":[{"href":"https:\/\/www.sfas.ch\/en\/wp-json\/wp\/v2\/pages\/11"}],"collection":[{"href":"https:\/\/www.sfas.ch\/en\/wp-json\/wp\/v2\/pages"}],"about":[{"href":"https:\/\/www.sfas.ch\/en\/wp-json\/wp\/v2\/types\/page"}],"author":[{"embeddable":true,"href":"https:\/\/www.sfas.ch\/en\/wp-json\/wp\/v2\/users\/1"}],"replies":[{"embeddable":true,"href":"https:\/\/www.sfas.ch\/en\/wp-json\/wp\/v2\/comments?post=11"}],"version-history":[{"count":1,"href":"https:\/\/www.sfas.ch\/en\/wp-json\/wp\/v2\/pages\/11\/revisions"}],"predecessor-version":[{"id":12,"href":"https:\/\/www.sfas.ch\/en\/wp-json\/wp\/v2\/pages\/11\/revisions\/12"}],"wp:attachment":[{"href":"https:\/\/www.sfas.ch\/en\/wp-json\/wp\/v2\/media?parent=11"}],"curies":[{"name":"wp","href":"https:\/\/api.w.org\/{rel}","templated":true}]}}